{"id":5656154,"date":"2021-03-23T14:45:29","date_gmt":"2021-03-23T14:45:29","guid":{"rendered":"https:\/\/vina-interior.com\/?page_id=5656154"},"modified":"2021-06-17T16:26:07","modified_gmt":"2021-06-17T16:26:07","slug":"over-ons","status":"publish","type":"page","link":"https:\/\/vina-interior.com\/de\/over-ons\/","title":{"rendered":"\u00dcber uns"},"content":{"rendered":"<div class=\"wpb-content-wrapper\"><div data-vc-full-width=\"true\" data-vc-full-width-init=\"false\" data-vc-stretch-content=\"true\" class=\"vc_row wpb_row vc_row-fluid norebro-content-wrap-left header-title-row padding-reset-left padding-reset-right vc_row-no-padding\"><div class=\"wpb_column vc_column_container vc_col-sm-6 vc_col-has-fill\"><div class=\"vc_column-inner vc_custom_1611184324722\"><div class=\"wpb_wrapper\"><div class=\"vc_empty_space\"   style=\"height: 90px\"><span class=\"vc_empty_space_inner\"><\/span><\/div><h4 style=\"text-align: left\" class=\"vc_custom_heading vc_do_custom_heading\" >Wer ist das Gesicht hinter Vina Interior Design?<\/h4><div class=\"norebro-text-sc\" \n\tid=\"norebro-custom-69e64c5d39f3d\" \n\t \n\t>\n\n\t<p>Mein Name ist Yunus Arslan, seit 2016 der Inhaber von Vina Interior Design. Habe die charmante, kulturelle Hauptstadt Wien vor etwa 5 Jahren verlassen.<\/p>\n<p>Lebt derzeit in Leusden, ist aber noch in Wien aktiv. Bau, Innenarchitektur und Design liegen mir in den Genen; ich bekomme Energie, wenn ich mit dem Kunden mitdenken kann.<\/p>\n<p>Wie soll ein Bad, ein Wohnzimmer oder eine Toilette aussehen? Welche Kacheln verwendet werden.<\/p>\n<h3><strong>Standort<\/strong><\/h3>\n<p>Vina Interior Design is momenteel actief in Nederland.<\/p>\n<h3><strong>Arbeitsweise<\/strong><\/h3>\n<p>Vina Interior Design findet den pers\u00f6nlichen Kontakt zum Kunden sehr wichtig. Setzen Sie sich einfach hin und trinken Sie eine Tasse Kaffee. Nat\u00fcrlich ist dies auch per Videoanruf m\u00f6glich; es ist sch\u00f6n, sich gegenseitig in die Augen zu sehen.<\/p>\n<p>In erster Linie werden die W\u00fcnsche des Kunden erfasst und dann bringt Vina zus\u00e4tzliche Ideen ein. Der Prozess besteht aus einer Reihe von Schritten, die befolgt werden m\u00fcssen, um ein perfektes Endergebnis zu erzielen.<\/p>\n\t\n<\/div><div class=\"vc_row wpb_row vc_inner vc_row-fluid text-left vc_row-o-equal-height vc_row-o-content-middle vc_row-flex\"><div class=\"wpb_column vc_column_container vc_col-sm-4\"><div class=\"vc_column-inner vc_custom_1502955220990\"><div class=\"wpb_wrapper\"><div class=\"norebro-client-logo-sc clients-logo text-center default text-left\"\n\tid=\"norebro-custom-69e64c5d3a26a\"\n\t\t>\n\n\t\n\t\t\t\t\t<div class=\"first-image\">\n\t\t\t\t<img decoding=\"async\" src=\"https:\/\/vina-interior.com\/media\/2021\/03\/sikkens-logo.png\" alt=\"\">\n\t\t\t<\/div>\n\t\t\t<div class=\"second-image\">\n\t\t\t\t<img decoding=\"async\" src=\"https:\/\/vina-interior.com\/media\/2021\/03\/sikkens-logo.png\" alt=\"\">\n\t\t\t<\/div>\n\t\t\n\t\t\n\t\n<\/div>\n<\/div><\/div><\/div><div class=\"wpb_column vc_column_container vc_col-sm-4\"><div class=\"vc_column-inner vc_custom_1502955215831\"><div class=\"wpb_wrapper\"><div class=\"norebro-client-logo-sc clients-logo text-center default\"\n\tid=\"norebro-custom-69e64c5d3a412\"\n\t\t>\n\n\t\n\t\t\t\t\t<div class=\"first-image\">\n\t\t\t\t<img decoding=\"async\" src=\"https:\/\/vina-interior.com\/media\/2021\/03\/knauf-logo.png\" alt=\"\">\n\t\t\t<\/div>\n\t\t\t<div class=\"second-image\">\n\t\t\t\t<img decoding=\"async\" src=\"https:\/\/vina-interior.com\/media\/2021\/03\/knauf-logo.png\" alt=\"\">\n\t\t\t<\/div>\n\t\t\n\t\t\n\t\n<\/div>\n<\/div><\/div><\/div><div class=\"wpb_column vc_column_container vc_col-sm-4\"><div class=\"vc_column-inner vc_custom_1502955227558\"><div class=\"wpb_wrapper\"><div class=\"norebro-client-logo-sc clients-logo text-center default\"\n\tid=\"norebro-custom-69e64c5d3a5ef\"\n\t\t>\n\n\t\n\t\t\t\t\t<div class=\"first-image\">\n\t\t\t\t<img decoding=\"async\" src=\"https:\/\/vina-interior.com\/media\/2021\/03\/eurocol-logo.png\" alt=\"\">\n\t\t\t<\/div>\n\t\t\t<div class=\"second-image\">\n\t\t\t\t<img decoding=\"async\" src=\"https:\/\/vina-interior.com\/media\/2021\/03\/eurocol-logo.png\" alt=\"\">\n\t\t\t<\/div>\n\t\t\n\t\t\n\t\n<\/div>\n<\/div><\/div><\/div><\/div><div class=\"vc_row wpb_row vc_inner vc_row-fluid text-left vc_row-o-equal-height vc_row-o-content-middle vc_row-flex\"><div class=\"wpb_column vc_column_container vc_col-sm-4\"><div class=\"vc_column-inner vc_custom_1502955335911\"><div class=\"wpb_wrapper\"><div class=\"norebro-client-logo-sc clients-logo text-center default text-left\"\n\tid=\"norebro-custom-69e64c5d3a85b\"\n\t\t>\n\n\t\n\t\t\t\t\t<div class=\"first-image\">\n\t\t\t\t<img decoding=\"async\" src=\"https:\/\/vina-interior.com\/media\/2021\/03\/makita-logo.png\" alt=\"\">\n\t\t\t<\/div>\n\t\t\t<div class=\"second-image\">\n\t\t\t\t<img decoding=\"async\" src=\"https:\/\/vina-interior.com\/media\/2021\/03\/makita-logo.png\" alt=\"\">\n\t\t\t<\/div>\n\t\t\n\t\t\n\t\n<\/div>\n<\/div><\/div><\/div><div class=\"wpb_column vc_column_container vc_col-sm-4\"><div class=\"vc_column-inner vc_custom_1502955215831\"><div class=\"wpb_wrapper\"><div class=\"norebro-client-logo-sc clients-logo text-center default\"\n\tid=\"norebro-custom-69e64c5d3aa47\"\n\t\t>\n\n\t\n\t\t\t\t\t<div class=\"first-image\">\n\t\t\t\t<img decoding=\"async\" src=\"https:\/\/vina-interior.com\/media\/2021\/03\/wagner-logo.png\" alt=\"\">\n\t\t\t<\/div>\n\t\t\t<div class=\"second-image\">\n\t\t\t\t<img decoding=\"async\" src=\"https:\/\/vina-interior.com\/media\/2021\/03\/wagner-logo.png\" alt=\"\">\n\t\t\t<\/div>\n\t\t\n\t\t\n\t\n<\/div>\n<\/div><\/div><\/div><div class=\"wpb_column vc_column_container vc_col-sm-4\"><div class=\"vc_column-inner vc_custom_1502955227558\"><div class=\"wpb_wrapper\"><div class=\"norebro-client-logo-sc clients-logo text-center default\"\n\tid=\"norebro-custom-69e64c5d3abee\"\n\t\t>\n\n\t\n\t\t\t\t\t<div class=\"first-image\">\n\t\t\t\t<img decoding=\"async\" src=\"https:\/\/vina-interior.com\/media\/2021\/03\/coba-logo.png\" alt=\"\">\n\t\t\t<\/div>\n\t\t\t<div class=\"second-image\">\n\t\t\t\t<img decoding=\"async\" src=\"https:\/\/vina-interior.com\/media\/2021\/03\/coba-logo.png\" alt=\"\">\n\t\t\t<\/div>\n\t\t\n\t\t\n\t\n<\/div>\n<\/div><\/div><\/div><\/div><div class=\"vc_row wpb_row vc_inner vc_row-fluid text-left vc_row-o-equal-height vc_row-o-content-middle vc_row-flex\"><div class=\"wpb_column vc_column_container vc_col-sm-4\"><div class=\"vc_column-inner vc_custom_1502955220990\"><div class=\"wpb_wrapper\"><div class=\"norebro-client-logo-sc clients-logo text-center default text-left\"\n\tid=\"norebro-custom-69e64c5d3ae46\"\n\t\t>\n\n\t\n\t\t\t\t\t<div class=\"first-image\">\n\t\t\t\t<img decoding=\"async\" src=\"https:\/\/vina-interior.com\/media\/2021\/03\/ardex-logo.png\" alt=\"\">\n\t\t\t<\/div>\n\t\t\t<div class=\"second-image\">\n\t\t\t\t<img decoding=\"async\" src=\"https:\/\/vina-interior.com\/media\/2021\/03\/ardex-logo.png\" alt=\"\">\n\t\t\t<\/div>\n\t\t\n\t\t\n\t\n<\/div>\n<\/div><\/div><\/div><div class=\"wpb_column vc_column_container vc_col-sm-4\"><div class=\"vc_column-inner vc_custom_1502955215831\"><div class=\"wpb_wrapper\"><div class=\"norebro-client-logo-sc clients-logo text-center default\"\n\tid=\"norebro-custom-69e64c5d3b010\"\n\t\t>\n\n\t\n\t\t\t\t\t<div class=\"first-image\">\n\t\t\t\t<img decoding=\"async\" src=\"https:\/\/vina-interior.com\/media\/2021\/03\/pci-logo.png\" alt=\"\">\n\t\t\t<\/div>\n\t\t\t<div class=\"second-image\">\n\t\t\t\t<img decoding=\"async\" src=\"https:\/\/vina-interior.com\/media\/2021\/03\/pci-logo.png\" alt=\"\">\n\t\t\t<\/div>\n\t\t\n\t\t\n\t\n<\/div>\n<\/div><\/div><\/div><div class=\"wpb_column vc_column_container vc_col-sm-4\"><div class=\"vc_column-inner vc_custom_1502955227558\"><div class=\"wpb_wrapper\"><div class=\"norebro-client-logo-sc clients-logo text-center default\"\n\tid=\"norebro-custom-69e64c5d3b1e8\"\n\t\t>\n\n\t\n\t\t\t\t\t<div class=\"first-image\">\n\t\t\t\t<img decoding=\"async\" src=\"https:\/\/vina-interior.com\/media\/2021\/03\/sigma-logo.png\" alt=\"\">\n\t\t\t<\/div>\n\t\t\t<div class=\"second-image\">\n\t\t\t\t<img decoding=\"async\" src=\"https:\/\/vina-interior.com\/media\/2021\/03\/sigma-logo.png\" alt=\"\">\n\t\t\t<\/div>\n\t\t\n\t\t\n\t\n<\/div>\n<\/div><\/div><\/div><\/div><\/div><\/div><\/div><div class=\"nor-top-layer nor-slider-wrap wpb_column vc_column_container vc_col-sm-6\"><div class=\"vc_column-inner vc_custom_1514384946477\"><div class=\"wpb_wrapper\">\n\t<div  class=\"wpb_single_image wpb_content_element vc_align_left wpb_content_element\">\n\t\t\n\t\t<figure class=\"wpb_wrapper vc_figure\">\n\t\t\t<div class=\"vc_single_image-wrapper   vc_box_border_grey\"><img loading=\"lazy\" decoding=\"async\" width=\"768\" height=\"1024\" src=\"https:\/\/vina-interior.com\/media\/2021\/05\/image0.jpeg\" class=\"vc_single_image-img attachment-full\" alt=\"Yunus Arslan\" title=\"Yunus Arslan\" srcset=\"https:\/\/vina-interior.com\/media\/2021\/05\/image0.jpeg 768w, https:\/\/vina-interior.com\/media\/2021\/05\/image0-225x300.jpeg 225w\" sizes=\"auto, (max-width: 768px) 100vw, 768px\" \/><\/div><figcaption class=\"vc_figure-caption\">Yunus Arslan<\/figcaption>\n\t\t<\/figure>\n\t<\/div>\n<div class=\"vc_empty_space\"   style=\"height: 90px\"><span class=\"vc_empty_space_inner\"><\/span><\/div><\/div><\/div><\/div><\/div><div class=\"vc_row-full-width vc_clearfix\"><\/div><div data-vc-full-width=\"true\" data-vc-full-width-init=\"false\" class=\"vc_row wpb_row vc_row-fluid\"><div class=\"wpb_column vc_column_container vc_col-sm-12\"><div class=\"vc_column-inner\"><div class=\"wpb_wrapper\"><div class=\"vc_empty_space  norebro-phone-space\"   style=\"height: 90px\"><span class=\"vc_empty_space_inner\"><\/span><\/div><\/div><\/div><\/div><\/div><div class=\"vc_row-full-width vc_clearfix\"><\/div>\n<\/div>","protected":false},"excerpt":{"rendered":"Wie is het gezicht achter Vina Interior Design? Mijn naam is Yunus Arslan, sinds...","protected":false},"author":1,"featured_media":0,"parent":0,"menu_order":0,"comment_status":"closed","ping_status":"closed","template":"","meta":{"_acf_changed":false,"footnotes":""},"class_list":["post-5656154","page","type-page","status-publish","hentry"],"acf":[],"_links":{"self":[{"href":"https:\/\/vina-interior.com\/de\/wp-json\/wp\/v2\/pages\/5656154","targetHints":{"allow":["GET"]}}],"collection":[{"href":"https:\/\/vina-interior.com\/de\/wp-json\/wp\/v2\/pages"}],"about":[{"href":"https:\/\/vina-interior.com\/de\/wp-json\/wp\/v2\/types\/page"}],"author":[{"embeddable":true,"href":"https:\/\/vina-interior.com\/de\/wp-json\/wp\/v2\/users\/1"}],"replies":[{"embeddable":true,"href":"https:\/\/vina-interior.com\/de\/wp-json\/wp\/v2\/comments?post=5656154"}],"version-history":[{"count":21,"href":"https:\/\/vina-interior.com\/de\/wp-json\/wp\/v2\/pages\/5656154\/revisions"}],"predecessor-version":[{"id":5656500,"href":"https:\/\/vina-interior.com\/de\/wp-json\/wp\/v2\/pages\/5656154\/revisions\/5656500"}],"wp:attachment":[{"href":"https:\/\/vina-interior.com\/de\/wp-json\/wp\/v2\/media?parent=5656154"}],"curies":[{"name":"wp","href":"https:\/\/api.w.org\/{rel}","templated":true}]}}