{"id":5656214,"date":"2021-03-24T15:26:25","date_gmt":"2021-03-24T15:26:25","guid":{"rendered":"https:\/\/vina-interior.com\/?page_id=5656214"},"modified":"2021-05-16T19:11:43","modified_gmt":"2021-05-16T19:11:43","slug":"interieuradvies-en-ontwerp","status":"publish","type":"page","link":"https:\/\/vina-interior.com\/de\/interieuradvies-en-ontwerp\/","title":{"rendered":"Interieuradvies en ontwerp"},"content":{"rendered":"<div class=\"wpb-content-wrapper\"><div data-vc-full-width=\"true\" data-vc-full-width-init=\"false\" data-vc-stretch-content=\"true\" class=\"vc_row wpb_row vc_row-fluid norebro-content-wrap-left header-title-row padding-reset-left padding-reset-right vc_row-no-padding\"><div class=\"wpb_column vc_column_container vc_col-sm-6 vc_col-has-fill\"><div class=\"vc_column-inner vc_custom_1611184324722\"><div class=\"wpb_wrapper\"><div class=\"vc_empty_space\"   style=\"height: 90px\"><span class=\"vc_empty_space_inner\"><\/span><\/div><h2 style=\"text-align: left\" class=\"vc_custom_heading vc_do_custom_heading\" >EINRICHTUNGSBERATUNG &amp; DESIGN<\/h2><div class=\"vc_row wpb_row vc_inner vc_row-fluid vc_custom_1502873080853 vc_column-gap-30\"><div class=\"wpb_column vc_column_container vc_col-sm-6\"><div class=\"vc_column-inner\"><div class=\"wpb_wrapper\"><div class=\"vc_separator wpb_content_element vc_separator_align_center vc_sep_width_100 vc_sep_border_width_2 vc_sep_pos_align_center vc_separator_no_text wpb_content_element  wpb_content_element\" ><span class=\"vc_sep_holder vc_sep_holder_l\"><span style=\"border-color:#5f687b;\" class=\"vc_sep_line\"><\/span><\/span><span class=\"vc_sep_holder vc_sep_holder_r\"><span style=\"border-color:#5f687b;\" class=\"vc_sep_line\"><\/span><\/span>\n<\/div><div class=\"vc_empty_space\"   style=\"height: 20px\"><span class=\"vc_empty_space_inner\"><\/span><\/div><div class=\"norebro-text-sc\" \n\tid=\"norebro-custom-69e6649c6c075\" \n\t \n\t>\n\n\t<p>Welchen Wohnstil habe ich? Passt ein Ecksofa in mein Wohnzimmer? Was sind sch\u00f6ne Farbkombinationen? Manchmal fehlt es Ihnen an Inspiration oder Sie k\u00f6nnen es nicht (gemeinsam) erarbeiten. Pers\u00f6nliche, ma\u00dfgeschneiderte Beratung ist f\u00fcr uns eine Selbstverst\u00e4ndlichkeit. Unser Team von leidenschaftlichen Innenarchitekten hilft Ihnen bei der Gestaltung, der Auswahl der M\u00f6bel, dem Layout, dem Styling, der Beleuchtung und der sch\u00f6nen Farbe an der Wand.<\/p>\n\t\n<\/div><\/div><\/div><\/div><div class=\"wpb_column vc_column_container vc_col-sm-6\"><div class=\"vc_column-inner\"><div class=\"wpb_wrapper\"><div class=\"vc_separator wpb_content_element vc_separator_align_center vc_sep_width_100 vc_sep_border_width_2 vc_sep_pos_align_center vc_separator_no_text wpb_content_element  wpb_content_element\" ><span class=\"vc_sep_holder vc_sep_holder_l\"><span style=\"border-color:#5f687b;\" class=\"vc_sep_line\"><\/span><\/span><span class=\"vc_sep_holder vc_sep_holder_r\"><span style=\"border-color:#5f687b;\" class=\"vc_sep_line\"><\/span><\/span>\n<\/div><div class=\"vc_empty_space\"   style=\"height: 20px\"><span class=\"vc_empty_space_inner\"><\/span><\/div><div class=\"norebro-text-sc\" \n\tid=\"norebro-custom-69e6649c6c292\" \n\t \n\t>\n\n\t<p>Der Prozess des Interiorstylings beginnt mit einer Bestandsaufnahme Ihrer W\u00fcnsche, nach der unsere Interiorstylisten diese W\u00fcnsche in ein inspirierendes Interior Design umsetzen. Auf diese Weise k\u00f6nnen Sie sich mit unseren Einrichtungsideen vertraut machen und wir werden Ihr Zuhause so einrichten, wie es zu Ihnen passt.\u00a0Unsere Einrichtungsberater stehen Ihnen in unseren Gesch\u00e4ften zur Verf\u00fcgung, aber wir besuchen Sie auch gerne nach Vereinbarung zu Hause.<\/p>\n\t\n<\/div><\/div><\/div><\/div><\/div><div class=\"vc_empty_space  norebro-phone-space\"   style=\"height: 60px\"><span class=\"vc_empty_space_inner\"><\/span><\/div><\/div><\/div><\/div><div class=\"nor-top-layer nor-slider-wrap wpb_column vc_column_container vc_col-sm-6\"><div class=\"vc_column-inner vc_custom_1514384946477\"><div class=\"wpb_wrapper\"><div class=\"norebro-slider-sc slider-wrap\">\n\t<div class=\"slider norebro-slider  full nav-inset\" \n\tid=\"norebro-custom-69e6649c6c41e\" \n\tdata-norebro-slider='{\"loop\":true,\"dots\":false,\"nav\":true,\"autoplay\":true,\"autoplayHoverPause\":true,\"navContainerClass\":\"slider-nav\",\"itemsDesktop\":\"1\",\"itemsTablet\":\"1\",\"itemsMobile\":\"1\",\"slideBy\":\"1\",\"autoplayTimeout\":\"5\"}' \n\t\t>\n\n\t\t<div class=\"slider-wrap\">\n\n\t\n\t<div  class=\"wpb_single_image wpb_content_element vc_align_center wpb_content_element\">\n\t\t\n\t\t<figure class=\"wpb_wrapper vc_figure\">\n\t\t\t<div class=\"vc_single_image-wrapper   vc_box_border_grey\"><img loading=\"lazy\" decoding=\"async\" width=\"449\" height=\"640\" src=\"https:\/\/vina-interior.com\/media\/2021\/05\/vina-image.jpg\" class=\"vc_single_image-img attachment-full\" alt=\"\" title=\"vina-image\" srcset=\"https:\/\/vina-interior.com\/media\/2021\/05\/vina-image.jpg 449w, https:\/\/vina-interior.com\/media\/2021\/05\/vina-image-210x300.jpg 210w\" sizes=\"auto, (max-width: 449px) 100vw, 449px\" \/><\/div>\n\t\t<\/figure>\n\t<\/div>\n\t\n<\/div>\t\t\n\t<\/div>\n<\/div><\/div><\/div><\/div><\/div><div class=\"vc_row-full-width vc_clearfix\"><\/div>\n<\/div>","protected":false},"excerpt":{"rendered":"INTERIEURADVIES &amp; ONTWERP Welke woonstijl heb ik? Past een hoekbank in mijn woonkamer? Wat...","protected":false},"author":1,"featured_media":0,"parent":0,"menu_order":0,"comment_status":"closed","ping_status":"closed","template":"","meta":{"_acf_changed":false,"footnotes":""},"class_list":["post-5656214","page","type-page","status-publish","hentry"],"acf":[],"_links":{"self":[{"href":"https:\/\/vina-interior.com\/de\/wp-json\/wp\/v2\/pages\/5656214","targetHints":{"allow":["GET"]}}],"collection":[{"href":"https:\/\/vina-interior.com\/de\/wp-json\/wp\/v2\/pages"}],"about":[{"href":"https:\/\/vina-interior.com\/de\/wp-json\/wp\/v2\/types\/page"}],"author":[{"embeddable":true,"href":"https:\/\/vina-interior.com\/de\/wp-json\/wp\/v2\/users\/1"}],"replies":[{"embeddable":true,"href":"https:\/\/vina-interior.com\/de\/wp-json\/wp\/v2\/comments?post=5656214"}],"version-history":[{"count":10,"href":"https:\/\/vina-interior.com\/de\/wp-json\/wp\/v2\/pages\/5656214\/revisions"}],"predecessor-version":[{"id":5656235,"href":"https:\/\/vina-interior.com\/de\/wp-json\/wp\/v2\/pages\/5656214\/revisions\/5656235"}],"wp:attachment":[{"href":"https:\/\/vina-interior.com\/de\/wp-json\/wp\/v2\/media?parent=5656214"}],"curies":[{"name":"wp","href":"https:\/\/api.w.org\/{rel}","templated":true}]}}